{"id":2005,"date":"2025-05-27T09:54:03","date_gmt":"2025-05-27T07:54:03","guid":{"rendered":"https:\/\/insurancetodayandtomorrow.de\/?page_id=2005"},"modified":"2025-10-02T14:33:01","modified_gmt":"2025-10-02T12:33:01","slug":"aussteller-2025","status":"publish","type":"page","link":"https:\/\/insurancetodayandtomorrow.de\/?page_id=2005","title":{"rendered":"Aussteller 2025"},"content":{"rendered":"<p><strong>PricewaterhouseCoopers GmbH Wirtschaftspr\u00fcfungsgesellschaft <\/strong><\/p>\n<p><a href=\"https:\/\/www.pwc.de\/\"><img loading=\"lazy\" decoding=\"async\" class=\"alignnone size-full wp-image-1202\" src=\"https:\/\/insurancetodayandtomorrow.de\/wp-content\/uploads\/2022\/07\/PwC_180x60.jpg\" alt=\"\" width=\"180\" height=\"60\" \/><\/a><\/p>\n<p>Unsere Mandanten stehen tagt\u00e4glich vor vielf\u00e4ltigen Aufgaben, m\u00f6chten neue Ideen umsetzen und suchen unseren Rat.<br \/>\nSie erwarten, dass wir sie ganzheitlich betreuen und praxisorientierte L\u00f6sungen mit gr\u00f6\u00dftm\u00f6glichem Nutzen entwickeln. Deshalb setzen wir f\u00fcr jeden Mandanten, ob Global Player, Familienunternehmen oder kommunaler Tr\u00e4ger, unser gesamtes Potenzial ein: Erfahrung, Branchenkenntnis, Fachwissen, Qualit\u00e4tsanspruch, Innovationskraft und die Ressourcen unseres Expert:innennetzwerks in 156 L\u00e4ndern.<br \/>\nBesonders wichtig ist uns die vertrauensvolle Zusammenarbeit mit unseren Mandanten, denn je besser wir sie kennen und verstehen, umso gezielter k\u00f6nnen wir sie unterst\u00fctzen.<\/p>\n<p>PwC Deutschland. \u00dcber 12.000 engagierte Menschen an 21 Standorten. Knapp 2,4 Mrd. Euro Gesamtleistung. F\u00fchrende Wirtschaftspr\u00fcfungs- und Beratungsgesellschaft in Deutschland.<\/p>\n<p>Die PricewaterhouseCoopers GmbH Wirtschaftspr\u00fcfungsgesellschaft bekennt sich zu den PwC-Ethikgrunds\u00e4tzen (zug\u00e4nglich in deutscher Sprache \u00fcber <a href=\"https:\/\/www.pwc.de\/de\/ethikcode\" target=\"_blank\" rel=\"noopener\">www.pwc.de\/de\/ethikcode<\/a>) und zu den Zehn Prinzipien des UN Global Compact (zug\u00e4nglich in deutscher und englischer Sprache \u00fcber <a href=\"https:\/\/www.globalcompact.de\/\" target=\"_blank\" rel=\"noopener\">www.globalcompact.de<\/a>).<\/p>\n<p>\u00a9 Juli 2022 PricewaterhouseCoopers GmbH Wirtschaftspr\u00fcfungsgesellschaft. Alle Rechte vorbehalten.<\/p>\n<p>\u201ePwC\u201c bezeichnet in diesem Dokument die PricewaterhouseCoopers GmbH Wirtschaftspr\u00fcfungsgesellschaft, die eine Mitgliedsgesellschaft der PricewaterhouseCoopers International Limited (PwCIL) ist. Jede der Mitgliedsgesellschaften der PwCIL ist eine rechtlich selbstst\u00e4ndige Gesellschaft.<\/p>\n<p><span style=\"color: #ffffff;\">a<\/span><\/p>\n<p><strong>collectAI <\/strong><\/p>\n<p><a href=\"https:\/\/www.collect.ai.\/\" target=\"_blank\" rel=\"noopener\"><img loading=\"lazy\" decoding=\"async\" class=\"alignnone size-full wp-image-1202\" src=\"https:\/\/insurancetodayandtomorrow.de\/wp-content\/uploads\/2023\/06\/CollectAI_180x60-1.jpg\" alt=\"\" width=\"180\" height=\"60\" \/><\/a><\/p>\n<p>Das Hamburger Fintech collectAI bietet eine Intelligente Payment Plattform f\u00fcr interaktive Rechnungen und intelligentes Mahnwesen.<br \/>\nModular oder ganzheitlich kombiniert die Software digitale Kommunikationskan\u00e4le mit vielf\u00e4ltigen Bezahlmethoden. Kund*innen von Versicherern, Banken, Energieversorgern, Telkos, E-Commerce- und Mobility-Unternehmen werden per Brief, E-Mail oder SMS an offene Betr\u00e4ge erinnert, \u00fcber einen Link oder QR-Code k\u00f6nnen sie auf einer Bezahlseite im Branding des Unternehmens direkt digital bezahlen. K\u00fcnstliche Intelligenz unterst\u00fctzt dabei die Zahlungskommunikation.<br \/>\nDie smarte Technologie erh\u00f6ht nachweislich die Realisierung von offenen Betr\u00e4gen bei geringen Kosten.<br \/>\nDar\u00fcber hinaus optimiert collectAI mit branchenspezifischen, innovativen Features die Customer Journey der Kund*innen. So wird beispielsweise mit dem Modul \u201ccollectAI Reach\u201d die Kontaktdatenqualit\u00e4t gesteigert, mit \u201ccollectAI Customer Experience Metrics\u201d die Zufriedenheit der Kund*innen mit dem Bezahlprozess gemessen oder mit \u201ccollectAI SEPA Mandate\u201d Lastschriftmandate erfasst.<br \/>\nTesten Sie hier, wie einfach Bezahlen sein kann: <a href=\"http:\/\/collect.ai\/#live-demo\" target=\"_blank\" rel=\"noopener\">collect.ai\/#live-demo<\/a><br \/>\ncollectAI wurde 2016 als Teil der Otto Group gegr\u00fcndet und geh\u00f6rt heute zur Aareal Bank AG.<\/p>\n<p><span style=\"color: #ffffff;\">a<\/span><\/p>\n<p><strong>Guidewire<\/strong><\/p>\n<p><a href=\"https:\/\/www.guidewire.com\/de\" target=\"_blank\" rel=\"noopener\"><img loading=\"lazy\" decoding=\"async\" class=\"alignnone size-full wp-image-1202\" src=\"https:\/\/insurancetodayandtomorrow.de\/wp-content\/uploads\/2025\/08\/guidewire_web.gif\" alt=\"\" width=\"180\" height=\"60\" \/><\/a><\/p>\n<p>Guidewire ist die Plattform, der Schaden- und Unfallversicherer vertrauen, um modern zu interagieren, kontinuierlich zu innovieren und effizient zu wachsen. Mehr als 570 Versicherer in 43 L\u00e4ndern, von Start-ups bis zu den gr\u00f6\u00dften und komplexesten der Welt, verlassen sich auf Guidewire-Produkte. Mit Kernsystemen, die Daten und Analytik, digitale Technologien und k\u00fcnstliche Intelligenz nutzen, definiert Guidewire den Standard von Cloud-Plattformen f\u00fcr Schaden- und Unfallversicherer. Weitere Informationen unter\u00a0<a href=\"http:\/\/www.guidewire.de\/\" target=\"_blank\" rel=\"noopener\"><span title=\"http:\/\/www.guidewire.de\/\">www.guidewire.de<\/span><\/a><\/p>\n<p><strong>Guidewire<\/strong><\/p>\n<p><span style=\"color: #ffffff;\">a<\/span><\/p>\n<p><strong>Keylane Axon GmbH<\/strong><\/p>\n<p><a href=\"https:\/\/keylane.com\/de\/\" target=\"_blank\" rel=\"noopener\"><img loading=\"lazy\" decoding=\"async\" class=\"alignnone size-full wp-image-52806\" src=\"https:\/\/insurancetodayandtomorrow.de\/wp-content\/uploads\/2024\/02\/Keylane_logo_300dpi_180x60.jpg\" alt=\"\" width=\"180\" height=\"60\" \/><\/a><\/p>\n<p>Als f\u00fchrender europ\u00e4ischer Anbieter robuster, hochgradig konfigurierbarer und kundenorientierter SaaS-Plattformen f\u00fcr die Versicherungsbranche, bietet Keylane L\u00f6sungen zur Optimierung von Gesch\u00e4ftsprozessen.<br \/>\nMit einer nachweislichen Erfolgsbilanz bei erfolgreichen Implementierungen arbeiten unsere engagierten Experten, unterst\u00fctzt von kompetenten Partnern, an der Bereitstellung eines \u00d6kosystems aufstrebender Technologien.<br \/>\nMit Hauptsitz in Utrecht bedienen wir \u00fcber 225 Versicherungsunternehmen in Europa, besch\u00e4ftigen 700 Mitarbeiter und f\u00f6rdern Marktinnovationen durch innovative Dienstleistungen und Produkte.<br \/>\nBesuchen Sie uns online: <a href=\"https:\/\/keylane.com\/de\/\" target=\"_blank\" rel=\"noopener\">www.keylane.com\/de\/<\/a><\/p>\n<p><strong>Keylane Axon GmbH<\/strong><br \/>\n<a href=\"https:\/\/keylane.com\/de\/\" target=\"_blank\" rel=\"noopener\">www.keylane.com\/de\/<\/a><\/p>\n<p><span style=\"color: #ffffff;\">a<\/span><\/p>\n<p><strong>msg systems ag<\/strong><\/p>\n<p><a href=\"https:\/\/www.msg.group\/de\/\" target=\"_blank\" rel=\"noopener\"><img loading=\"lazy\" decoding=\"async\" class=\"alignnone size-full wp-image-36024\" src=\"https:\/\/www.mcc-seminare.de\/wp-content\/uploads\/2019\/10\/Msd_180x60.jpg\" alt=\"\" width=\"180\" height=\"60\" \/><\/a><\/p>\n<p><strong>msg systems ag<\/strong><\/p>\n<p><span style=\"color: #ffffff;\">a<\/span><\/p>\n<p><strong>Novum RGI und Fincon Reply<\/strong><\/p>\n<p><a href=\"https:\/\/www.novum-rgi.de\/\" target=\"_blank\" rel=\"noopener\"><img loading=\"lazy\" decoding=\"async\" class=\"alignnone size-full wp-image-36024\" src=\"https:\/\/insurancetodayandtomorrow.de\/wp-content\/uploads\/2025\/07\/Novum_Fincon_Logo_frei_CMYK_PNG.png\" alt=\"\" width=\"180\" height=\"60\" \/><\/a><\/p>\n<p><strong>Novum RGI und Fincon Reply \u2013 Digitale L\u00f6sungen mit nahtloser Integration<\/strong><br \/>\nNovum RGI z\u00e4hlt zu den f\u00fchrenden Anbietern moderner Versicherungs-Kernsysteme und steht f\u00fcr innovative Softwarel\u00f6sungen, die Versicherungsunternehmen bei der Digitalisierung ihrer Gesch\u00e4ftsprozesse unterst\u00fctzen. Zum Portfolio geh\u00f6ren:<br \/>\n1.\u00a0 \u00a0V\u2019GER Suite-L\u00f6sungen mit Kernsystemen f\u00fcr P&amp;C und Leben<br \/>\n2.\u00a0 \u00a018 spezialisierte Kern- und Zusatzmodule entlang der Versicherungsprozess-Strecke<br \/>\n3.\u00a0 \u00a0Novum Cloud Plattform<br \/>\n4.\u00a0 \u00a0V\u2019GER as a Service f\u00fcr den effizienten Betrieb in der Cloud<br \/>\nFincon Reply ist ein Business- und IT-Beratungsunternehmen mit Fokus auf die Finanzdienstleistungsindustrie. Fincon Reply ber\u00e4t Banken, die Sparkassen-Finanzgruppe, die Genossenschaftliche FinanzGruppe und Versicherungen sowie deren Zulieferer proaktiv bei ihrer digitalen Transformation. Das Unternehmen unterst\u00fctzt vor Ort mit spezialisierten Berater- und Entwicklerteams und liefert schl\u00fcsselfertige L\u00f6sungen.<br \/>\nDas Leistungsspektrum umfasst u.a.:<br \/>\n1.\u00a0 \u00a0Fachexpertise in der Versicherungsbranche<br \/>\n2.\u00a0 \u00a0Prozessspezialisten f\u00fcr effiziente Abl\u00e4ufe<br \/>\n3.\u00a0 \u00a0Systemintegration f\u00fcr reibungslose IT-Landschaften<br \/>\n4.\u00a0 \u00a0Datenmigration bei Modernisierungsprojekten<br \/>\nAls strategische Umsetzungspartner verbinden Novum RGI mit technologischer Expertise und modernen Kernversicherungssystemen und Fincon Reply mit ihrer langj\u00e4hrigen Erfahrung in Fachlichkeit und Integration ihre St\u00e4rken.<br \/>\nDiese Partnerschaft basiert auf tiefem Branchen-Know-how, Innovationskraft und einem klaren Engagement f\u00fcr Kundenzufriedenheit. Gemeinsam stellen wir sicher, dass Versicherungsunternehmen die bestm\u00f6gliche Beratung, modernste Softwarel\u00f6sungen und eine erfolgreiche Implementierung f\u00fcr ihre Digitalisierungsvorhaben erhalten.<br \/>\n<a href=\"https:\/\/www.novum-rgi.de\/\" target=\"_blank\" rel=\"noopener noreferrer\">www.novum-rgi.de<\/a><\/p>\n<p><span style=\"color: #ffffff;\">a<\/span><\/p>\n<p><strong>SPS Germany GmbH<\/strong><\/p>\n<p><a href=\"https:\/\/www.spsglobal.com\/de\/home\" target=\"_blank\" rel=\"noopener noreferrer\"><img loading=\"lazy\" decoding=\"async\" class=\"alignnone size-full wp-image-364\" src=\"https:\/\/insurancetodayandtomorrow.de\/wp-content\/uploads\/2023\/03\/SPS_180x60.jpg\" alt=\"\" width=\"180\" height=\"60\" \/><\/a><\/p>\n<p>Wir verbinden die physische und die digitale Welt<br \/>\nSwiss Post Solutions (SPS) \u2013 eine f\u00fchrende Anbieterin von L\u00f6sungen zur Auslagerung von Gesch\u00e4ftsprozessen und innovativen Dienstleistungen im Dokumentenmanagement \u2013 bietet angesichts dieser Entwicklungen eine Reihe von End-to-End Prozessl\u00f6sungen f\u00fcr die gesamte Wertsch\u00f6pfungskette in nahezu allen Branchen, darunter insbesondere Versicherungen, in \u00fcber 20 L\u00e4ndern an. SPS erm\u00f6glicht so zahlreichen global agierenden Versicherern zu digitalen Unternehmen zu werden. Weitere Informationen finden Sie unter <a href=\"http:\/\/www.swisspostsolutions.com\" target=\"_blank\" rel=\"noopener noreferrer\">www.swisspostsolutions.com<\/a><\/p>\n<p><strong>SPS Germany GmbH<\/strong><br \/>\nAm B\u00f6rstig<br \/>\n596052 Bamberg, Germany<br \/>\nE-Mail: <a href=\"mailto:sps.de@swisspost.com\" target=\"_blank\" rel=\"noopener noreferrer\">sps.de@swisspost.com<\/a><br \/>\nTel.: +49 (0) 951 9168 200<\/p>\n<p><span style=\"color: #ffffff;\">a<\/span><\/p>\n<p><strong>teckpro AG<\/strong><\/p>\n<p><a href=\"https:\/\/www.teckpro.de\/\" target=\"_blank\" rel=\"noopener noreferrer\"><img loading=\"lazy\" decoding=\"async\" class=\"alignnone size-full wp-image-364\" src=\"https:\/\/insurancetodayandtomorrow.de\/wp-content\/uploads\/2023\/03\/teckpro_web-extern.jpg\" alt=\"\" width=\"180\" height=\"60\" \/><\/a><\/p>\n<p>Durch die B\u00fcndelung hoher fachlicher Expertise und umfassender IT-Kompetenz unterst\u00fctzt die teckpro ihre Kunden mit anspruchsvollen L\u00f6sungen und Dienstleistungen: von der aktuariellen Beratung in der Produktentwicklung und Qualit\u00e4tssicherung bis zur Prozess-, Fach- und IT-Architekturberatung. Zus\u00e4tzlich bietet teckpro finanzmathematische Beratungssoftware und Module f\u00fcr alle Versicherungssparten \u2013 Kranken, Pflege, Vorsorge, BU, Komposit Privat und Gewerbe\/Industrie -, sowie Portall\u00f6sungen an. Kooperationen mit Forschungseinrichtungen, z.B. dem deutschen Forschungszentrum f\u00fcr k\u00fcnstliche Intelligenz &#8211; DFKI, dem Fraunhoferinstitut f\u00fcr Techno- und Wirtschaftsmathematik &#8211; ITWM, dem Europ\u00e4ischen Institut f\u00fcr Qualit\u00e4tsmanagement finanzmathematischer Verfahren und Produkte &#8211; EI-QFM &#8211; und weiteren Branchen initiativensichern den Kunden innovative und qualitativ anspruchsvolle L\u00f6sungen. teckpro ist Softwarepartner der DATEV und z\u00e4hlt zahlreiche Versicherungskonzerne und Vertriebsorganisationen zu ihren Kunden.<\/p>\n<p><strong>teckpro AG<\/strong><br \/>\nSpitalstra\u00dfe 19-21<br \/>\n67659 Kaiserslautern<br \/>\nGermany<br \/>\n<a href=\"http:\/\/www.teckpro.de\" target=\"_blank\" rel=\"noopener noreferrer\">www.teckpro.de<\/a><\/p>\n<p><span style=\"color: #ffffff;\">a<\/span><\/p>\n<p><strong>UBIMET GmbH<\/strong><\/p>\n<p><a href=\"https:\/\/www.ubimet.com\/\" target=\"_blank\" rel=\"noopener noreferrer\"><img loading=\"lazy\" decoding=\"async\" class=\"alignnone size-full wp-image-364\" src=\"https:\/\/insurancetodayandtomorrow.de\/wp-content\/uploads\/2023\/06\/Ubimet_180x60.jpg\" alt=\"\" width=\"180\" height=\"60\" \/><\/a><\/p>\n<p>Extremwetter ist zu einem strategischen Schl\u00fcsselthema f\u00fcr Versicherer geworden. UBIMET unterst\u00fctzt Versicherer weltweit dabei, wetterfit zu werden und die Folgen des Klimawandels bestm\u00f6glich abzufedern. Als globaler Innovationsf\u00fchrer betreibt UBIMET eine einzigartige meteorologische k\u00fcnstliche Intelligenz. Mit dieser Technologie generiert UBIMET ma\u00dfgeschneiderte und skalierbare, hochaufl\u00f6sende Wetterservices sowohl f\u00fcr automatisierte Prozesse als auch f\u00fcr menschliche Entscheidungstr\u00e4ger, deren Ziel es ist, Kosten zu senken, Prozesse zu optimieren und\/oder die Sicherheit zu erh\u00f6hen. Rund 80% aller Sach- und Unfallversicherer in der DACH-Region setzen auf Services von UBIMET.<\/p>\n<p><strong>UBIMET GmbH<\/strong><br \/>\nARES Tower, Donau-City-Stra\u00dfe 11<br \/>\nA-1220 Wien<br \/>\nTel. +43 1 263 11 22<br \/>\nDr. Marcus Mayer<br \/>\n<a href=\"mailto:mmayer@ubimet.com\" target=\"_blank\" rel=\"noopener\">mmayer@ubimet.com<\/a><strong><br \/>\n<\/strong><a href=\"https:\/\/www.ubimet.com\/\" target=\"_blank\" rel=\"noopener noreferrer\">www.ubimet.com<\/a><\/p>\n","protected":false},"excerpt":{"rendered":"<p>PricewaterhouseCoopers GmbH Wirtschaftspr\u00fcfungsgesellschaft Unsere Mandanten stehen tagt\u00e4glich vor vielf\u00e4ltigen Aufgaben, m\u00f6chten neue Ideen umsetzen und suchen unseren Rat. Sie erwarten, dass wir sie ganzheitlich betreuen und praxisorientierte L\u00f6sungen mit gr\u00f6\u00dftm\u00f6glichem Nutzen entwickeln. Deshalb setzen wir f\u00fcr jeden Mandanten, ob Global Player, Familienunternehmen oder kommunaler Tr\u00e4ger, unser gesamtes Potenzial ein: Erfahrung, Branchenkenntnis, Fachwissen, Qualit\u00e4tsanspruch, Innovationskraft und [&hellip;]<\/p>\n","protected":false},"author":2,"featured_media":0,"parent":0,"menu_order":0,"comment_status":"closed","ping_status":"closed","template":"","meta":{"footnotes":""},"class_list":["post-2005","page","type-page","status-publish","hentry"],"_links":{"self":[{"href":"https:\/\/insurancetodayandtomorrow.de\/index.php?rest_route=\/wp\/v2\/pages\/2005","targetHints":{"allow":["GET"]}}],"collection":[{"href":"https:\/\/insurancetodayandtomorrow.de\/index.php?rest_route=\/wp\/v2\/pages"}],"about":[{"href":"https:\/\/insurancetodayandtomorrow.de\/index.php?rest_route=\/wp\/v2\/types\/page"}],"author":[{"embeddable":true,"href":"https:\/\/insurancetodayandtomorrow.de\/index.php?rest_route=\/wp\/v2\/users\/2"}],"replies":[{"embeddable":true,"href":"https:\/\/insurancetodayandtomorrow.de\/index.php?rest_route=%2Fwp%2Fv2%2Fcomments&post=2005"}],"version-history":[{"count":10,"href":"https:\/\/insurancetodayandtomorrow.de\/index.php?rest_route=\/wp\/v2\/pages\/2005\/revisions"}],"predecessor-version":[{"id":2125,"href":"https:\/\/insurancetodayandtomorrow.de\/index.php?rest_route=\/wp\/v2\/pages\/2005\/revisions\/2125"}],"wp:attachment":[{"href":"https:\/\/insurancetodayandtomorrow.de\/index.php?rest_route=%2Fwp%2Fv2%2Fmedia&parent=2005"}],"curies":[{"name":"wp","href":"https:\/\/api.w.org\/{rel}","templated":true}]}}