{"id":22,"date":"2015-04-01T17:01:06","date_gmt":"2015-04-01T15:01:06","guid":{"rendered":"http:\/\/www.fachforum-reha.de\/?page_id=22"},"modified":"2026-03-11T10:09:45","modified_gmt":"2026-03-11T09:09:45","slug":"teilnahmebedigungen","status":"publish","type":"page","link":"https:\/\/insurancetodayandtomorrow.de\/?page_id=22","title":{"rendered":"Teilnahmebedigungen"},"content":{"rendered":"<p>Bitte f\u00fcllen Sie einfach die Anmeldung aus und faxen oder schicken Sie diese baldm\u00f6glichst an MCC zur\u00fcck. Sie k\u00f6nnen sich auch \u00fcber E-Mail anmelden (anmeldung@insurancetodayandtomorrow.de). Ihre schriftliche Anmeldung ist verbindlich. Nach Eingang Ihres ausgef\u00fcllten Anmeldebogens bei MCC erhalten Sie &#8211; sofern noch Pl\u00e4tze vorhanden sind &#8211; umgehend eine Best\u00e4tigung und eine Rechnung. Anderenfalls informieren wir Sie sofort. Sie k\u00f6nnen die Kongressgeb\u00fchr entweder auf das in der Rechnung angegebene Konto \u00fcberweisen oder uns einen Verrechnungsscheck zusenden.<\/p>\n<p><b>Buy2 &#8211; Get 3!<\/b> Bei gleichzeitigen Anmeldung und Teilnahme von drei Personen eines Unternehmens, erlassen wir f\u00fcr die dritte Person die Teilnahmegeb\u00fchr.<\/p>\n<p><b>Bitte beachten Sie:<\/b> Sie k\u00f6nnen an dem Kongress nur teilnehmen, wenn die Teilnahmegeb\u00fchr bereits gezahlt ist oder auf dem Kongress gezahlt wird. Auch bei einer Nichtteilnahme wird die Tagungsgeb\u00fchr nach Ablauf der Stornierungsfrist in vollem Umfang f\u00e4llig. Gerichtsstand ist D\u00fcren. Eine Stornierung Iher Anmeldung muss schriftlich erfolgen. Sollten Sie Ihre Anmeldung stornieren, so erheben wir bis einschlie\u00dflich 7. September 2026 lediglich eine einmalige Bearbeitungsgeb\u00fchr in H\u00f6he von \u20ac 180 zzgl. gestzl. USt. Ihre bereits gezahlte Teilnahmegeb\u00fchr wird Ihnen abz\u00fcglich der Bearbeitungsgeb\u00fchr voll erstattet. Sollten Sie nach dem 7. September 2026 Ihre Anmeldung stornieren, kann die Teilnahmegeb\u00fchr nicht mehr erstattet werden. Eine Vertretung des Teilnehmers durch eine andere Person ist aber selbstverst\u00e4ndlich m\u00f6glich. Bitte teilen Sie uns den Namen des Ersatzteilnehmers mindestens drei Tage vor der Veranstaltung mit. Es gelten unsere Allgemeinen Gesch\u00e4ftsbedingungen, die Sie auf Anfrage erhalten.<\/p>\n","protected":false},"excerpt":{"rendered":"<p>Bitte f\u00fcllen Sie einfach die Anmeldung aus und faxen oder schicken Sie diese baldm\u00f6glichst an MCC zur\u00fcck. Sie k\u00f6nnen sich auch \u00fcber E-Mail anmelden (anmeldung@insurancetodayandtomorrow.de). Ihre schriftliche Anmeldung ist verbindlich. Nach Eingang Ihres ausgef\u00fcllten Anmeldebogens bei MCC erhalten Sie &#8211; sofern noch Pl\u00e4tze vorhanden sind &#8211; umgehend eine Best\u00e4tigung und eine Rechnung. Anderenfalls informieren wir [&hellip;]<\/p>\n","protected":false},"author":1,"featured_media":0,"parent":20,"menu_order":0,"comment_status":"closed","ping_status":"closed","template":"","meta":{"footnotes":""},"class_list":["post-22","page","type-page","status-publish","hentry"],"_links":{"self":[{"href":"https:\/\/insurancetodayandtomorrow.de\/index.php?rest_route=\/wp\/v2\/pages\/22","targetHints":{"allow":["GET"]}}],"collection":[{"href":"https:\/\/insurancetodayandtomorrow.de\/index.php?rest_route=\/wp\/v2\/pages"}],"about":[{"href":"https:\/\/insurancetodayandtomorrow.de\/index.php?rest_route=\/wp\/v2\/types\/page"}],"author":[{"embeddable":true,"href":"https:\/\/insurancetodayandtomorrow.de\/index.php?rest_route=\/wp\/v2\/users\/1"}],"replies":[{"embeddable":true,"href":"https:\/\/insurancetodayandtomorrow.de\/index.php?rest_route=%2Fwp%2Fv2%2Fcomments&post=22"}],"version-history":[{"count":12,"href":"https:\/\/insurancetodayandtomorrow.de\/index.php?rest_route=\/wp\/v2\/pages\/22\/revisions"}],"predecessor-version":[{"id":2208,"href":"https:\/\/insurancetodayandtomorrow.de\/index.php?rest_route=\/wp\/v2\/pages\/22\/revisions\/2208"}],"up":[{"embeddable":true,"href":"https:\/\/insurancetodayandtomorrow.de\/index.php?rest_route=\/wp\/v2\/pages\/20"}],"wp:attachment":[{"href":"https:\/\/insurancetodayandtomorrow.de\/index.php?rest_route=%2Fwp%2Fv2%2Fmedia&parent=22"}],"curies":[{"name":"wp","href":"https:\/\/api.w.org\/{rel}","templated":true}]}}