{"id":61,"date":"2015-04-02T09:44:11","date_gmt":"2015-04-02T07:44:11","guid":{"rendered":"http:\/\/www.fachforum-reha.de\/?page_id=61"},"modified":"2023-03-24T12:37:22","modified_gmt":"2023-03-24T11:37:22","slug":"level-1-partnerschaft","status":"publish","type":"page","link":"https:\/\/insurancetodayandtomorrow.de\/?page_id=61","title":{"rendered":"Level 1 &#8211; Partnerschaft"},"content":{"rendered":"<p><strong>Starke Leistungen<\/strong><\/p>\n<p><strong>Auf dem Kongress:<\/strong><\/p>\n<ul>\n<li>Ausstellungsfl\u00e4che (max.6m\u00b2) im unmittelbaren Kongressumfeld.<\/li>\n<li>Pr\u00e4senz Ihres Logos in den Powerpointpr\u00e4sentationen w\u00e4hrend der Pausen.<\/li>\n<li>Zwei Personen Standbesetzung haben freies Catering im Rahmen des Hotels.<\/li>\n<li>Zwei Personen Standbesetzung werden zur Abendveranstaltung am 1. Tag eingeladen.<\/li>\n<\/ul>\n<p>&nbsp;<\/p>\n","protected":false},"excerpt":{"rendered":"<p>Starke Leistungen Auf dem Kongress: Ausstellungsfl\u00e4che (max.6m\u00b2) im unmittelbaren Kongressumfeld. Pr\u00e4senz Ihres Logos in den Powerpointpr\u00e4sentationen w\u00e4hrend der Pausen. Zwei Personen Standbesetzung haben freies Catering im Rahmen des Hotels. Zwei Personen Standbesetzung werden zur Abendveranstaltung am 1. Tag eingeladen. &nbsp;<\/p>\n","protected":false},"author":1,"featured_media":0,"parent":59,"menu_order":0,"comment_status":"closed","ping_status":"closed","template":"","meta":{"footnotes":""},"class_list":["post-61","page","type-page","status-publish","hentry"],"_links":{"self":[{"href":"https:\/\/insurancetodayandtomorrow.de\/index.php?rest_route=\/wp\/v2\/pages\/61","targetHints":{"allow":["GET"]}}],"collection":[{"href":"https:\/\/insurancetodayandtomorrow.de\/index.php?rest_route=\/wp\/v2\/pages"}],"about":[{"href":"https:\/\/insurancetodayandtomorrow.de\/index.php?rest_route=\/wp\/v2\/types\/page"}],"author":[{"embeddable":true,"href":"https:\/\/insurancetodayandtomorrow.de\/index.php?rest_route=\/wp\/v2\/users\/1"}],"replies":[{"embeddable":true,"href":"https:\/\/insurancetodayandtomorrow.de\/index.php?rest_route=%2Fwp%2Fv2%2Fcomments&post=61"}],"version-history":[{"count":2,"href":"https:\/\/insurancetodayandtomorrow.de\/index.php?rest_route=\/wp\/v2\/pages\/61\/revisions"}],"predecessor-version":[{"id":1436,"href":"https:\/\/insurancetodayandtomorrow.de\/index.php?rest_route=\/wp\/v2\/pages\/61\/revisions\/1436"}],"up":[{"embeddable":true,"href":"https:\/\/insurancetodayandtomorrow.de\/index.php?rest_route=\/wp\/v2\/pages\/59"}],"wp:attachment":[{"href":"https:\/\/insurancetodayandtomorrow.de\/index.php?rest_route=%2Fwp%2Fv2%2Fmedia&parent=61"}],"curies":[{"name":"wp","href":"https:\/\/api.w.org\/{rel}","templated":true}]}}