{"id":63,"date":"2015-04-02T09:44:50","date_gmt":"2015-04-02T07:44:50","guid":{"rendered":"http:\/\/www.fachforum-reha.de\/?page_id=63"},"modified":"2023-03-24T12:37:21","modified_gmt":"2023-03-24T11:37:21","slug":"level-2-partnerschaft","status":"publish","type":"page","link":"https:\/\/insurancetodayandtomorrow.de\/?page_id=63","title":{"rendered":"Level 2 &#8211; Partnerschaft"},"content":{"rendered":"<p><strong>Starke Leistungen<\/strong><\/p>\n<p><strong>Vor dem Kongress:<\/strong><\/p>\n<ul>\n<li>Nennung Ihres Unternehmens mit Logo und Kurzdarstellung in der Kongressbrosch\u00fcre.<\/li>\n<li>Bis zu 500 Kongressbrosch\u00fcren f\u00fcr den eigenen Versand.<\/li>\n<li>Information Ihrer Zielgruppe bereits im Vorfeld des Kongresses.<\/li>\n<\/ul>\n<p><strong> Auf dem Kongress:<\/strong><\/p>\n<ul>\n \t \t \t<liausstellungsfl\u00e4che (max.6m\u00b2)=\"\" im=\"\" unmittelbaren=\"\" kongressumfeld.<=\"\" li=\"\">\n<li>Pr\u00e4senz Ihres Logos in den Powerpointpr\u00e4sentationen w\u00e4hrend der Pausen.<\/li>\n<li>Beilage Ihrer Firmenbrosch\u00fcre in die Kongressunterlagen (max. 10 Seiten).<\/li>\n<li>Auslegen Ihrer Unternehmensbrosch\u00fcren auf den Teilnehmerpl\u00e4tzen und auf einem separaten Tisch.<\/li>\n<li>Zwei Personen Standbesetzung haben freies Catering im Rahmen des Hotels.<\/li>\n<li>Zwei Personen Standbesetzung werden zur Abendveranstaltung am 1. Tag eingeladen.<\/li>\n<li>Sie erhalten 2 Freikarten f\u00fcr Ihre Mitarbeiter.<\/li>\n<\/liausstellungsfl\u00e4che><\/ul>\n<p>&nbsp;<\/p>\n","protected":false},"excerpt":{"rendered":"<p>Starke Leistungen Vor dem Kongress: Nennung Ihres Unternehmens mit Logo und Kurzdarstellung in der Kongressbrosch\u00fcre. Bis zu 500 Kongressbrosch\u00fcren f\u00fcr den eigenen Versand. Information Ihrer Zielgruppe bereits im Vorfeld des Kongresses. Auf dem Kongress:<\/p>\n","protected":false},"author":1,"featured_media":0,"parent":59,"menu_order":1,"comment_status":"closed","ping_status":"closed","template":"","meta":{"footnotes":""},"class_list":["post-63","page","type-page","status-publish","hentry"],"_links":{"self":[{"href":"https:\/\/insurancetodayandtomorrow.de\/index.php?rest_route=\/wp\/v2\/pages\/63","targetHints":{"allow":["GET"]}}],"collection":[{"href":"https:\/\/insurancetodayandtomorrow.de\/index.php?rest_route=\/wp\/v2\/pages"}],"about":[{"href":"https:\/\/insurancetodayandtomorrow.de\/index.php?rest_route=\/wp\/v2\/types\/page"}],"author":[{"embeddable":true,"href":"https:\/\/insurancetodayandtomorrow.de\/index.php?rest_route=\/wp\/v2\/users\/1"}],"replies":[{"embeddable":true,"href":"https:\/\/insurancetodayandtomorrow.de\/index.php?rest_route=%2Fwp%2Fv2%2Fcomments&post=63"}],"version-history":[{"count":3,"href":"https:\/\/insurancetodayandtomorrow.de\/index.php?rest_route=\/wp\/v2\/pages\/63\/revisions"}],"predecessor-version":[{"id":1435,"href":"https:\/\/insurancetodayandtomorrow.de\/index.php?rest_route=\/wp\/v2\/pages\/63\/revisions\/1435"}],"up":[{"embeddable":true,"href":"https:\/\/insurancetodayandtomorrow.de\/index.php?rest_route=\/wp\/v2\/pages\/59"}],"wp:attachment":[{"href":"https:\/\/insurancetodayandtomorrow.de\/index.php?rest_route=%2Fwp%2Fv2%2Fmedia&parent=63"}],"curies":[{"name":"wp","href":"https:\/\/api.w.org\/{rel}","templated":true}]}}