{"id":67,"date":"2015-04-02T09:46:18","date_gmt":"2015-04-02T07:46:18","guid":{"rendered":"http:\/\/www.fachforum-reha.de\/?page_id=67"},"modified":"2023-03-24T12:37:18","modified_gmt":"2023-03-24T11:37:18","slug":"level-4-partnerschaft","status":"publish","type":"page","link":"https:\/\/insurancetodayandtomorrow.de\/?page_id=67","title":{"rendered":"Level 4 &#8211; Partnerschaft"},"content":{"rendered":"<p><strong>Starke Leistungen<\/strong><\/p>\n<p>Eigener Exklusiv-Info-MarketPlace mit Workshop-Option<\/p>\n<p>F\u00fcr die Pr\u00e4sentation Ihrer L\u00f6sung scheint Ihnen ein Ausstellungsstand ungeeignet?<\/p>\n<p>Sie wollen eine eher private und pers\u00f6nliche Atmosph\u00e4re f\u00fcr Ihre Kunden schaffen?<\/p>\n<p>Dann haben wir die Kommunikationsl\u00f6sung f\u00fcr Sie:<\/p>\n<p>Sie pr\u00e4sentieren sich w\u00e4hrend des Kongresses und der Pausen in einem separaten, kleineren Konferenzraum, der Ihnen Ihr pers\u00f6nliches Ambiente erlaubt. Auf diesem individuellen Info-Market-Place (I.M.P.) besuchen die Teilnehmer Sie dann w\u00e4hrend des Kongresses oder in den Pausen privatissim\u00e9.<\/p>\n<p><strong>Vor dem Kongress:<\/strong><\/p>\n<ul>\n<li>Nennung Ihres Unternehmens mit Logo und Kurzdarstellung in der Kongressbrosch\u00fcre.<\/li>\n<li>Bis zu 500 Kongressbrosch\u00fcren f\u00fcr den eigenen Versand.<\/li>\n<li>Information Ihrer Zielgruppe bereits im Vorfeld des Kongresses.<\/li>\n<li>Benennung eines Referenten aus Ihrem Unternehmen f\u00fcr das Plenum.<\/li>\n<li>Einbezug in&nbsp; die inhaltliche Gestaltung.<\/li>\n<li>Ihr Logo erscheint auf der Titelseite der Brosch\u00fcre.<\/li>\n<li>Ihr Logo erscheint in den Anzeigen der Medienpartner.<\/li>\n<li>MCC hilft bei der Organisation des Info-MarketPlace (I.M.P.) und steht auch inhaltlich beratend zur Seite.<\/li>\n<li>Ihr Logo auf der Kongress-Homepage (Dauer 8 Wochen).<\/li>\n<li>Logo u. Firmenportrait (max. 70 Worte) im Internet mit Link zu Ihrer Homepage und E-Mail-Adresse.<\/li>\n<\/ul>\n<p><strong>Auf dem Kongress:<\/strong><\/p>\n<ul>\n<li>Ausstellungsfl\u00e4che (max.6m\u00b2) im unmittelbaren Kongressumfeld.<\/li>\n<li>Ihre Bl\u00f6cke und Stifte in der Kongresstasche.<\/li>\n<li>Beilage Ihrer Firmenbrosch\u00fcre in die Kongressunterlagen (max. 10 Seiten).<\/li>\n<li>Auslegen Ihrer Unternehmensbrosch\u00fcren auf den Teilnehmerpl\u00e4tzen und auf einem separaten Tisch.<\/li>\n<li>Pr\u00e4senz Ihres Logos in den Powerpointpr\u00e4sentationen w\u00e4hrend der Pausen.<\/li>\n<li>Zwei Personen Standbesetzung haben freies Catering im Rahmen des Hotels.<\/li>\n<li>Zwei Personen Standbesetzung werden zur Abendveranstaltung am 1. Tag eingeladen.<\/li>\n<li>MCC stellt die R\u00e4umlichkeiten zur Verf\u00fcgung und bewirbt den I.M.P. im Rahmen der Brosch\u00fcre f\u00fcr den Gesamtkongress.<\/li>\n<li>Sie pr\u00e4sentieren sich w\u00e4hrend des Kongresses und der Pausen in einem separaten, kleineren Bereich, der Ihnen Ihr pers\u00f6nliches Ambiente erlaubt. Auf diesem individuellen Info-MarketPlace &nbsp;&nbsp;(I.M.P.) besuchen die Teilnehmer Sie w\u00e4hrend des Kongresses oder in den Pausen privatissim\u00e9.<\/li>\n<li>Konferenztechnik wie: Beamer, Flipchart erhalten Sie von MCC.<\/li>\n<li>W\u00e4hrend es Kongresses erhalten Sie zus\u00e4tzlich Geb\u00e4ck und Getr\u00e4nke in Ihrem I.M.P.<\/li>\n<li>Zur Unterstreichung der Awareness auf dem Kongress wird w\u00e4hrend des Kongresses Ihr Logo gut sichtbar positioniert.<\/li>\n<li>Powerpoint-Pr\u00e4sentation im Auditorium w\u00e4hrend der Pausen, in der Ihr Logo mit Nennung als Haupt-Kooperationspartner erscheint.<\/li>\n<li>Ihr Unternehmen als Haupt-Kooperationspartner auf einem Plakat, das w\u00e4hrend der gesamten Kongressdauer gut sichtbar im Foyer des Hotels aufgestellt wird.<\/li>\n<li>Zus\u00e4tzliche 12 Freikarten f\u00fcr Ihre Kunden.<\/li>\n<\/ul>\n<p><strong>Nach dem Kongress:<\/strong><\/p>\n<p>Nach Beendigung des 2. Kongresstages mit einem gemeinsamen Mittagessen, gegen 14:00h, haben Sie die M\u00f6glichkeit, f\u00fcr weitere 2-2,5 Std. Ihren eigenen individuell ausgerichteten Workshop durchzuf\u00fchren.<\/p>\n<p>Hier k\u00f6nnen Sie &#8211; entgegen einem Vortrag auf dem Kongress selbst \u2013 durchaus produkt- und\/oder l\u00f6sungsbezogen argumentieren! Ihre Kernzielgruppe kann sich sowohl aus den Kongressteilnehmern rekrutieren, wie auch aus eigenen G\u00e4sten zusammenstellen.<\/p>\n<p>Selbstverst\u00e4ndlich sind auch w\u00e4hrend Ihres pers\u00f6nlichen Workshops Tagungsgetr\u00e4nke und eine Kaffeepause mit Geb\u00e4ck und Kuchen Bestandteil Ihres I.M.P.<\/p>\n<p><strong>Starke Leistungen:<\/strong><\/p>\n<ul>\n<li><strong>Ausschlie\u00dflichkeit:<\/strong><\/li>\n<\/ul>\n<p>Sie richten den Info-MarketPlace als Ihren \u201eeigenen\u201c I.M.P. aus. Es werden keine anderen Anbieter als Speaker zugelassen.<\/p>\n<ul>\n<li><strong>Zeitrahmen:<\/strong><\/li>\n<\/ul>\n<p>Der I.M.P. sollte m\u00f6glichst nicht fr\u00fcher als 15:00h beginnen und m\u00f6glichst nicht sp\u00e4ter als 17:30h enden. Anbieten w\u00fcrde sich daher eine Terminierung unmittelbar nach dem Mittagessen des 2. Kongresstages mit einer Zeitdauer von etwa 2-3 Stunden.<\/p>\n<ul>\n<li><strong>Thema:<\/strong><\/li>\n<\/ul>\n<p>Das Thema des I.M.P. soll sich an dem Thema des Kongresses orientieren und damit f\u00fcr die Zielgruppe relevant sein.<\/p>\n<ul>\n<li><strong>Veranstaltungsort:<\/strong><\/li>\n<\/ul>\n<p>Der I.M.P. findet in einem separaten Raum im Kongresshotel statt.<\/p>\n<ul>\n<li><strong>Moderation:<\/strong><\/li>\n<\/ul>\n<p>Der I.M.P. kann von einem Vertreter Ihres Unternehmens, von einem unabh\u00e4ngigen Dritten oder von MCC moderiert werden.<\/p>\n<ul>\n<li><strong>Info-MarketPlace-Design:<\/strong><\/li>\n<\/ul>\n<p>Der I.M.P. soll, neben 2-3 Vortr\u00e4gen (Dauer je 30 min), gen\u00fcgend Raum f\u00fcr Diskussionen und Fragen enthalten. Begonnen wird mit einem Einf\u00fchrungsvortrag in die Thematik. Anschlie\u00dfend kann eine \u201eErwartungsrunde\u201c der Teilnehmer stattfinden. D.h. es werden Fragen der Teilnehmer gesammelt, die im I.M.P. beantwortet werden. So identifizieren sich die Teilnehmer mit den Inhalten des I.M.P. und die Interaktivit\u00e4t wird gesteigert. Werden die Anforderungen des \u201emitgestalteten\u201c I.M.P. durch die Teilnehmer erf\u00fcllt, steigt nat\u00fcrlich auch das Zufriedenheitsgef\u00fchl. Gemeinsame Arbeitsrunden in kleinem Kreis, Meta-Plan-Methode und andere I.M.P.-Instrumentarien k\u00f6nnen\/sollten Ber\u00fccksichtigung finden.<\/p>\n<ul>\n<li><strong>Referenten:<\/strong><\/li>\n<\/ul>\n<p>Sie w\u00e4hlen die Referenten aus. Die Referenten sollten in der Lage sein, sowohl didaktisch als auch inhaltlich den Anforderungen des Workshops gerecht zu werden. Es empfiehlt sich, nicht nur Referenten aus dem eigenen Hause zu integrieren, sondern auch bspw. Kunden, Forschung und Lehre, unabh\u00e4ngige Beratungen, Politiker o.a. Eine praktische Vorf\u00fchrung ist ebenfalls m\u00f6glich. Kunden, die \u00fcber eigene Projekte berichten (also eine \u201eStory\u201c mitbringen) sind mit Sicherheit der beste Garant f\u00fcr die Zufriedenheit der Teilnehmer.<\/p>\n<p>&nbsp;<\/p>\n","protected":false},"excerpt":{"rendered":"<p>Starke Leistungen Eigener Exklusiv-Info-MarketPlace mit Workshop-Option F\u00fcr die Pr\u00e4sentation Ihrer L\u00f6sung scheint Ihnen ein Ausstellungsstand ungeeignet? Sie wollen eine eher private und pers\u00f6nliche Atmosph\u00e4re f\u00fcr Ihre Kunden schaffen? Dann haben wir die Kommunikationsl\u00f6sung f\u00fcr Sie: Sie pr\u00e4sentieren sich w\u00e4hrend des Kongresses und der Pausen in einem separaten, kleineren Konferenzraum, der Ihnen Ihr pers\u00f6nliches Ambiente erlaubt. [&hellip;]<\/p>\n","protected":false},"author":1,"featured_media":0,"parent":59,"menu_order":3,"comment_status":"closed","ping_status":"closed","template":"","meta":{"footnotes":""},"class_list":["post-67","page","type-page","status-publish","hentry"],"_links":{"self":[{"href":"https:\/\/insurancetodayandtomorrow.de\/index.php?rest_route=\/wp\/v2\/pages\/67","targetHints":{"allow":["GET"]}}],"collection":[{"href":"https:\/\/insurancetodayandtomorrow.de\/index.php?rest_route=\/wp\/v2\/pages"}],"about":[{"href":"https:\/\/insurancetodayandtomorrow.de\/index.php?rest_route=\/wp\/v2\/types\/page"}],"author":[{"embeddable":true,"href":"https:\/\/insurancetodayandtomorrow.de\/index.php?rest_route=\/wp\/v2\/users\/1"}],"replies":[{"embeddable":true,"href":"https:\/\/insurancetodayandtomorrow.de\/index.php?rest_route=%2Fwp%2Fv2%2Fcomments&post=67"}],"version-history":[{"count":5,"href":"https:\/\/insurancetodayandtomorrow.de\/index.php?rest_route=\/wp\/v2\/pages\/67\/revisions"}],"predecessor-version":[{"id":1433,"href":"https:\/\/insurancetodayandtomorrow.de\/index.php?rest_route=\/wp\/v2\/pages\/67\/revisions\/1433"}],"up":[{"embeddable":true,"href":"https:\/\/insurancetodayandtomorrow.de\/index.php?rest_route=\/wp\/v2\/pages\/59"}],"wp:attachment":[{"href":"https:\/\/insurancetodayandtomorrow.de\/index.php?rest_route=%2Fwp%2Fv2%2Fmedia&parent=67"}],"curies":[{"name":"wp","href":"https:\/\/api.w.org\/{rel}","templated":true}]}}